{"id":97,"date":"2018-01-22T17:13:35","date_gmt":"2018-01-22T17:13:35","guid":{"rendered":"http:\/\/coburger-initiative-congo.de\/?page_id=97"},"modified":"2018-01-22T17:17:15","modified_gmt":"2018-01-22T17:17:15","slug":"zentrum-zur-foerderung-der-gesundheit-in-kangu","status":"publish","type":"page","link":"https:\/\/coburger-initiative-congo.org\/?page_id=97","title":{"rendered":"Zentrum zur F\u00f6rderung der Gesundheit in Kangu"},"content":{"rendered":"<div class=\"Section1\">\n<p><strong> Zentrum zur F\u00f6rderung der Gesundheit in Kangu &#8211; Centre pour la Promotion de la Sant\u00e9 in Kangu\u00a0<\/strong><\/p>\n<p><strong> \u00a0<\/strong><\/p>\n<p>Das Zentrum zur\u00a0 F\u00f6rderung der Gesundheit in Kangu ist eine nichtstaatlicche kongolesische Organisation. Sie wurde 1966 auf Initiative von Dr. Jacqes Courtejoie ins Leben gerufen. Es wird von Dr. Jacques Courtejoie und Roger Mabiala Zimuangu geleitet. Der gro\u00dfartige Cl\u00e9ment Nzungu Maving, dem auch wir so viel zu verdanken haben, ist nicht mehr.<\/p>\n<p>Das Hauptziel des Zentrums ist die F\u00f6rderung der Gesundheit durch aktive Beteiligung der betroffenen Bev\u00f6lkerungskreise und unter Einbeziehung der kommunalen Verantwortlichen.<\/p>\n<p>&nbsp;<\/p>\n<p><strong> Das Centre pour la Promotion de la Sant\u00e9 in Kangu beschreibt seine konkreten Ziele wie folgt:<\/strong><\/p>\n<p>&nbsp;<\/p>\n<p>\u201eAlle von der UNO vorgeschlagenen Millenniumsziele sind uns bekannt, Nun gilt es, die im Folgenden nochmals genannten Ziele bis 2015 zu erreichen:<\/p>\n<p>&nbsp;<\/p>\n<p>1.\u00a0\u00a0\u00a0\u00a0\u00a0 Verminderung der extremen Armut und des Hungers<\/p>\n<p>2.\u00a0\u00a0\u00a0\u00a0\u00a0 Sicherstellung einer Prim\u00e4rschulbildung f\u00fcr alle<\/p>\n<p>3.\u00a0\u00a0\u00a0\u00a0\u00a0 Voranbringen der Gleichberechtigung und Unabh\u00e4ngigkeit der Frauen<\/p>\n<p>4.\u00a0\u00a0\u00a0\u00a0\u00a0 Senkung der Kindersterblichkeit<\/p>\n<p>5.\u00a0\u00a0\u00a0\u00a0\u00a0 Verbesserung der Gesundheitsversorgung der M\u00fctter<\/p>\n<p>6.\u00a0\u00a0\u00a0\u00a0\u00a0 Bek\u00e4mpfung von HIV\/AIDS, Malaria und anderer Krankheiten<\/p>\n<p>7.\u00a0\u00a0\u00a0\u00a0\u00a0 Nachhaltige Verbesserung der Lebens- und Wohnumgebung m\u00f6glichst vieler Menschen<\/p>\n<p>8.\u00a0\u00a0\u00a0\u00a0\u00a0 Aufbau einer globalen Partnerschaft f\u00fcr Entwicklung.<\/p>\n<p>&nbsp;<\/p>\n<p>An den Zielen 4, 5 und 6, besonders an 5, versuchen wir uns \u00e4u\u00dferst aktiv zu beteiligen.<\/p>\n<p>&nbsp;<\/p>\n<p>Es ist eine Tatsache, dass jede Frau unserer Region im Laufe ihres Lebens durchschnittlich 6,5 Mal entbindet. Wir\u00a0 wissen aber auch, dass eine von hundert Geburten t\u00f6dlich verlauft, wenn sie ohne medizinische oder sonstige fachliche Begleitung geschieht. Daraus folgt, dass bei hundert Frauen, welche ohne medizinische Assistenz\u00a0 entbinden m\u00fcssen, dreizehn F\u00e4lle mit dem Tod der Mutter enden. Das ist eine unertr\u00e4gliche Wirklichkeit. Wir denken daher, dass es ein wirklicher Fortschritt in der Versorgung der Frauen w\u00e4re, wenn jede Frau im Rahmen jeder ihrer Entbindungen eine gut ausgebildete und motivierte Fachkraft (Krankenschwester oder Hebamme) zur Verf\u00fcgung stehen k\u00f6nnte. Und viele Kinder h\u00e4tten so eine Chance, ihre M\u00fctter zu behalten.\u00a0 Daher bem\u00fchen wir uns weiterhin, die Ausbildung von Krankenschwestern und Hebammen zu verbessern. Wir hoffen fest darauf, dass eines Tages jede Mutter im Kongo bei jeder ihrer Entbindungen eine Fachkraft am ihrer Seite haben wird. Aus diesem Grund f\u00f6rdern wir entschieden die Verbreitung zweier ausgezeichneter Lehrb\u00fccher \u00fcber Frauenheilkunde, Schwangerschaft und Entbindung, sowie weitere geeignete B\u00fccher zu den einschl\u00e4gigen Themen.<\/p>\n<p>&nbsp;<\/p>\n<p>Wenn unser Traum sich verwirklichen l\u00e4sst, dann werden wir erfolgreich an der Verbesserung der Gesundheit der kongolesischen Bev\u00f6lkerung mitgewirkt haben, Dieses Ziel wird nur dank der fortw\u00e4hrenden Unterst\u00fctzung unserer zahlreichen Freunde greifbar, zu welchen auch Sie geh\u00f6ren.\u201e<\/p>\n<p>&nbsp;<\/p>\n<p>Das sind u.a. die gegenw\u00e4rtigen Projekte:<\/p>\n<p>&nbsp;<\/p>\n<p>1.\u00a0\u00a0\u00a0Von den 26.500 Krankenpflege- und Hebammensch\u00fclern des Kongos konnten bereits 2060 mit einer \u201eMedizinischen Mini-Bibliothek\u201c aus 24 Handb\u00fcchern ausgestattet werden.<\/p>\n<p>2.\u00a0\u00a0\u00a0Von den 420 medizinischen Ausbildungsst\u00e4tten (Krankenpflege- und Hebammenschulen) haben 286 eine \u201eMedizinische Bibliothek\u201c aus 460 Handb\u00fcchern erhalten.<\/p>\n<p>3.\u00a0\u00a0\u00a0Aufkl\u00e4rungskampagnen mit Hilfe von zu diesem Zweck konzipierten DVs im Kampf gegen HIV\/Aids.<\/p>\n<\/div>\n<p>&nbsp;<\/p>\n<p>Liste der vom Centre pour la Promotion de la Sant\u00e9 konzipierten und publizierten B\u00fccher:<\/p>\n<p>&nbsp;<\/p>\n<p>1.\u00a0\u00a0\u00a0\u00a0\u00a0 L\u2019anesth\u00e9sie a l\u2019h\u00f4pital rural<\/p>\n<p>2.\u00a0\u00a0\u00a0\u00a0\u00a0 La chirurgie g\u00e9n\u00e9rale a l\u2019h\u00f4pital rural<\/p>\n<p>3.\u00a0\u00a0\u00a0\u00a0\u00a0 La chirurgie a l\u2019h\u00f4pital rural (obst\u00e9trique, gyn\u00e9cologie, orthop\u00e9die, traumatologie)<\/p>\n<p>4.\u00a0\u00a0\u00a0\u00a0\u00a0 Maternit\u00e9 et sant\u00e9 (Manuel d\u2019obst\u00e9trique)<\/p>\n<p>5.\u00a0\u00a0\u00a0\u00a0\u00a0 La grossesse, l\u2019accouchement et leurs complications<\/p>\n<p>6.\u00a0\u00a0\u00a0\u00a0\u00a0 La femme et la sant\u00e9 (Manuel de gyn\u00e9cologie)<\/p>\n<p>7.\u00a0\u00a0\u00a0\u00a0\u00a0 De la Maladie vers la sant\u00e9 (manuel de pathologie)<\/p>\n<p>8.\u00a0\u00a0\u00a0\u00a0\u00a0 L\u2019enfant et la sant\u00e9 (manuel de p\u00e9diatrie)<\/p>\n<p>9.\u00a0\u00a0\u00a0\u00a0\u00a0 L\u2019enfant malade, comment le traiter<\/p>\n<p>10.\u00a0\u00a0 Le laboratoire et la sant\u00e9 (manuel de laboratoire)<\/p>\n<p>11.\u00a0 Parasitologie<\/p>\n<p>12.\u00a0\u00a0 Urgences m\u00e9dicales<\/p>\n<p>13.\u00a0\u00a0 Les antibiotiques<\/p>\n<p>14.\u00a0\u00a0 Les maladies sexuellement transmissibles<\/p>\n<p>15.\u00a0 Pharmacologie pour r\u00e9gions tropicales<\/p>\n<p>16.\u00a0 En parler\u00a0 pour en sortir (notions de psychiatrie)<\/p>\n<p>17.\u00a0 La peau e sa maladie (notions de dermatologie)<\/p>\n<p>18.\u00a0 Le paludisme de l\u2019Afrique tropicale<\/p>\n<p>19.\u00a0\u00a0 Le\u00a0 traitement du paludisme grave en Afrique<\/p>\n<p>20.\u00a0\u00a0 Le sida,\u00a0sa prise en charge aujourd\u2019hui en Afrique<\/p>\n<p>21.\u00a0\u00a0 Dictionnaire m\u00e9dical pour les r\u00e9gions tropicales<\/p>\n<p>&nbsp;<\/p>\n<p>Die Kosten dieser Handbibliothek betragen 120 Euro.<\/p>\n<p>&nbsp;<\/p>\n<p align=\"left\">En fran\u00e7ais &lt;<a class=\" link\" href=\"https:\/\/coburger-initiative-congo.org\/wp-content\/uploads\/centre_kangu.pdf\">LINK<\/a>&gt;<\/p>\n","protected":false},"excerpt":{"rendered":"<div class=\"mh-excerpt\"><p>Zentrum zur F\u00f6rderung der Gesundheit in Kangu &#8211; Centre pour la Promotion de la Sant\u00e9 in Kangu\u00a0 \u00a0 Das Zentrum zur\u00a0 F\u00f6rderung der Gesundheit in <a class=\"mh-excerpt-more\" href=\"https:\/\/coburger-initiative-congo.org\/?page_id=97\" title=\"Zentrum zur F\u00f6rderung der Gesundheit in Kangu\">[&#8230;]<\/a><\/p>\n<\/div>","protected":false},"author":1,"featured_media":0,"parent":0,"menu_order":0,"comment_status":"closed","ping_status":"closed","template":"","meta":{"footnotes":""},"_links":{"self":[{"href":"https:\/\/coburger-initiative-congo.org\/index.php?rest_route=\/wp\/v2\/pages\/97"}],"collection":[{"href":"https:\/\/coburger-initiative-congo.org\/index.php?rest_route=\/wp\/v2\/pages"}],"about":[{"href":"https:\/\/coburger-initiative-congo.org\/index.php?rest_route=\/wp\/v2\/types\/page"}],"author":[{"embeddable":true,"href":"https:\/\/coburger-initiative-congo.org\/index.php?rest_route=\/wp\/v2\/users\/1"}],"replies":[{"embeddable":true,"href":"https:\/\/coburger-initiative-congo.org\/index.php?rest_route=%2Fwp%2Fv2%2Fcomments&post=97"}],"version-history":[{"count":3,"href":"https:\/\/coburger-initiative-congo.org\/index.php?rest_route=\/wp\/v2\/pages\/97\/revisions"}],"predecessor-version":[{"id":101,"href":"https:\/\/coburger-initiative-congo.org\/index.php?rest_route=\/wp\/v2\/pages\/97\/revisions\/101"}],"wp:attachment":[{"href":"https:\/\/coburger-initiative-congo.org\/index.php?rest_route=%2Fwp%2Fv2%2Fmedia&parent=97"}],"curies":[{"name":"wp","href":"https:\/\/api.w.org\/{rel}","templated":true}]}}