{"id":89,"date":"2018-01-22T17:06:09","date_gmt":"2018-01-22T17:06:09","guid":{"rendered":"http:\/\/coburger-initiative-congo.de\/?page_id=89"},"modified":"2018-01-22T17:09:17","modified_gmt":"2018-01-22T17:09:17","slug":"das-krankenhaus-in-kangu","status":"publish","type":"page","link":"https:\/\/coburger-initiative-congo.org\/?page_id=89","title":{"rendered":"DAS KRANKENHAUS IN KANGU"},"content":{"rendered":"<div id=\"content-side\" class=\"side\">\n<div id=\"content-side2\" class=\"side2\">\n<div class=\"container-content\">\n<div id=\"content-content\">\n<div id=\"content-content-inner\" class=\"container-content-inner\">\n<div id=\"widget-bdc2d4a4-2884-fb00-78ab-8a471683914d\" class=\"widget widget-text\">\n<div class=\"widget-content\">\n<h3><strong> Das Krankenhaus in Kangu \u2013 L\u2019H\u00f4pital G\u00e9n\u00e9ral de R\u00e9f\u00e9rence Kangu, Mayumbe <\/strong><\/h3>\n<ul>\n<li><strong> Ort: Kangu (Verwaltungsbezirk Lukula)<\/strong><\/li>\n<li><strong> Provinz: Bas-Congo (Haupttadt: Matadi)<\/strong><\/li>\n<li><strong> Zahl der Betten: 100 (Gesamtzahl der verf\u00fcgbaren Betten:350)<\/strong><\/li>\n<li><strong> Mediziner: 4<\/strong><\/li>\n<li><strong> Krankenpfleger: 8 <\/strong><\/li>\n<li><strong> Krankenschwestern: 19<\/strong><\/li>\n<li><strong> Laborangestellte: 2<\/strong><\/li>\n<li><strong> Verwaltungsangestellte (einschlie\u00dflich des technischen Personals): 27<\/strong><\/li>\n<li><strong> Einzugsbereich: 94.000 Einwohner<\/strong><\/li>\n<li><strong> Lebenserwartung im Landesdurchschnitt: <\/strong><strong> 43.1 (2004)<\/strong><\/li>\n<li><strong> Alphabetisierung im Landesdurchschnitt: <\/strong><strong> 67.2% (2004)<\/strong><\/li>\n<li><strong>\u00c4rztliche Versorgung:\u00a0 ein Mediziner f\u00fcr 10.000 , eine Krankenschwester f\u00fcr 5.000 Einwohner<\/strong><\/li>\n<li><strong>HIV-Verbreitung: 2,4 % <\/strong><\/li>\n<\/ul>\n<p>Das Krankenhaus Kangu ist fast eine Tagesreise mit dem Auto von der Hauptstadt Kinshasa entfernt. Dieses \u201eH\u00f4pital de R\u00e9f\u00e9rence\u201c, dem auch eine Kranken-Schwesternschule angeschlossen ist, liegt in der sehr armen Region Mayumbe in der Provinz Bas-Congo, die am Atlantik liegt. Es versorgt ein Gebiet von der Gr\u00f6\u00dfe\u00a0Oberfrankens.<\/p>\n<p>Der Tr\u00e4ger des Krankenhauses ist die katholische Di\u00f6zese in Boma, eine Stadt mit Bischofssitz s\u00fcdlich von Kangu am Congo gelegen.<\/p>\n<p>Das f\u00fcr die Region so wichtige Krankenhaus erlebte in den letzten Jahren einen Niedergang. Obwohl die Bausubstanz der einzelnen Geb\u00e4ude noch recht ordentlich erscheint, mangelt es vor allem an technischem Know-How und Materialien f\u00fcr den t\u00e4glichen Bedarf. Versch\u00e4rft wurde diese Situation noch zus\u00e4tzlich dadurch, dass eine regelm\u00e4\u00dfige chirurgische Versorgung, die f\u00fcr dieses Haus eine existenzielle Bedeutung besitzt, nicht mehr aufrechterhalten werden konnte.<\/p>\n<p>Durch die finanzielle Unterst\u00fctzung unseres Vereins ist es gelungen, dass seit November 2010 wieder gr\u00f6\u00dfere Operationen in Kangu durchgef\u00fchrt werden. Erm\u00f6glicht wird dies durch die kongolesischen \u00c4rzte Dr. Robert Muanda, der seine chirurgische Ausbildung in Deutschland und Frankreich erhielt, und Dr. Michel Mbungu, der am Klinikum Coburg das Wissen und die n\u00f6tige Praxis zur Durchf\u00fchrung von Narkosen vermittelt bekam.<\/p>\n<p>Dass unsere Unterst\u00fctzung erste Fr\u00fcchte tr\u00e4gt, zeigt sich darin, dass\u00a0 schon in k\u00fcrzester Zeit eine rege chirurgische Aktivit\u00e4t eingesetzt hat zum Wohle der Bev\u00f6lkerung und das Krankenhaus dadurch eine\u00a0 Renaissance erf\u00e4hrt. Das Spektrum umfasst dabei die Viszeralchirurgie, Traumatologie, Urologie und Gyn\u00e4kologie.<\/p>\n<p>Ein erster Schritt ist getan, weitere Schritte m\u00fcssen folgen.<\/p>\n<p>En fran\u00e7ais: &lt;<a href=\"https:\/\/coburger-initiative-congo.org\/wp-content\/uploads\/description_kangu_1.pdf\" target=\"_blank\" rel=\"noopener\">LINK<\/a>&gt;<\/p>\n<p>\u00a9 Coburger Initiative f\u00fcr \u00c4rzte im Congo e. V. 2012<\/p>\n<\/div>\n<\/div>\n<\/div>\n<\/div>\n<\/div>\n<\/div>\n<\/div>\n","protected":false},"excerpt":{"rendered":"<div class=\"mh-excerpt\"><p>Das Krankenhaus in Kangu \u2013 L\u2019H\u00f4pital G\u00e9n\u00e9ral de R\u00e9f\u00e9rence Kangu, Mayumbe Ort: Kangu (Verwaltungsbezirk Lukula) Provinz: Bas-Congo (Haupttadt: Matadi) Zahl der Betten: 100 (Gesamtzahl der <a class=\"mh-excerpt-more\" href=\"https:\/\/coburger-initiative-congo.org\/?page_id=89\" title=\"DAS KRANKENHAUS IN KANGU\">[&#8230;]<\/a><\/p>\n<\/div>","protected":false},"author":1,"featured_media":0,"parent":0,"menu_order":0,"comment_status":"closed","ping_status":"closed","template":"","meta":{"footnotes":""},"_links":{"self":[{"href":"https:\/\/coburger-initiative-congo.org\/index.php?rest_route=\/wp\/v2\/pages\/89"}],"collection":[{"href":"https:\/\/coburger-initiative-congo.org\/index.php?rest_route=\/wp\/v2\/pages"}],"about":[{"href":"https:\/\/coburger-initiative-congo.org\/index.php?rest_route=\/wp\/v2\/types\/page"}],"author":[{"embeddable":true,"href":"https:\/\/coburger-initiative-congo.org\/index.php?rest_route=\/wp\/v2\/users\/1"}],"replies":[{"embeddable":true,"href":"https:\/\/coburger-initiative-congo.org\/index.php?rest_route=%2Fwp%2Fv2%2Fcomments&post=89"}],"version-history":[{"count":4,"href":"https:\/\/coburger-initiative-congo.org\/index.php?rest_route=\/wp\/v2\/pages\/89\/revisions"}],"predecessor-version":[{"id":95,"href":"https:\/\/coburger-initiative-congo.org\/index.php?rest_route=\/wp\/v2\/pages\/89\/revisions\/95"}],"wp:attachment":[{"href":"https:\/\/coburger-initiative-congo.org\/index.php?rest_route=%2Fwp%2Fv2%2Fmedia&parent=89"}],"curies":[{"name":"wp","href":"https:\/\/api.w.org\/{rel}","templated":true}]}}