{"id":53,"date":"2018-01-22T14:58:48","date_gmt":"2018-01-22T14:58:48","guid":{"rendered":"http:\/\/coburger-initiative-congo.de\/?page_id=53"},"modified":"2018-01-22T14:58:48","modified_gmt":"2018-01-22T14:58:48","slug":"der-verein-ziele-und-satzung","status":"publish","type":"page","link":"https:\/\/coburger-initiative-congo.org\/?page_id=53","title":{"rendered":"Der Verein &#8211; Ziele und Satzung"},"content":{"rendered":"<p><strong>Der Verein &#8222;Coburger Initiative f\u00fcr \u00c4rzte im Congo&#8220;<\/strong><\/p>\n<p>Die Stadt Coburg hat in den Jahren 2008 bis Anfang 2010 zusammen mit dem Klinikum Coburg dem kongolesischen Arzt Dr. Michel Mbungu vom Krankenhaus Kangu f\u00fcr 18 Monate eine Hospitation als An\u00e4sthesist erm\u00f6glicht. Dadurch angeregt haben Coburger Mediziner und B\u00fcrger 2009 den gemeinn\u00fctzigen Verein \u201cCoburger Initiative f\u00fcr \u00c4rzte im Congo\u201c gegr\u00fcndet.<\/p>\n<p>Der Verein z\u00e4hlt zurzeit 97 Mitglieder (Stand: April 2013). Sie alle wollen beim weiteren Aufbau der Zivilgesellschaft in der Demokratischen Republik Kongo mithelfen.<\/p>\n<p>Dieses Ziel soll, wie in der Satzung formuliert, insbesondere verwirklicht werden<\/p>\n<p>1. durch die Zusammenarbeit mit dem Krankenhaus von Kangu in der Provinz Bas-Congo<\/p>\n<p>2. durch die Zusammenarbeit mit niedergelassenen \u00c4rzten in der Provinz Bas-Congo<\/p>\n<p>3. durch die F\u00f6rderung und Unterst\u00fctzung von Fachkr\u00e4ften f\u00fcr medizinische Dienste in der Provinz Bas-Congo<\/p>\n<p>4. durch die fachliche Beratung von \u00c4rzten in der Provinz Bas-Congo<\/p>\n<p>5. durch die F\u00f6rderung des \u00f6ffentlichen Gesundheitswesen und der \u00f6ffentlichen Gesundheitspflege in der Provinz Bas-Congo<\/p>\n<p>6. durch das Eintreten in der \u00d6ffentlichkeit f\u00fcr die Anliegen der Menschen in der Demokratischen Republik Kongo.<\/p>\n<p>Der j\u00e4hrliche Mitgliedsbeitrag betr\u00e4gt 12 EURO.<\/p>\n<p><strong>Aktuelles Hauptanliegen der \u201eCoburger Initiative f\u00fcr \u00c4rzte im Congo\u201c ist es, dem Krankenhaus Kangu zu helfen, dass wieder gr\u00f6\u00dfere Operationen durchgef\u00fchrt werden k\u00f6nnen und dass die Apotheke des Krankenhauses funktionsf\u00e4hig gemacht wird. Au\u00dferdem ist der Verein bem\u00fcht, die Arbeit des Zentrums f\u00fcr die F\u00f6rderung der Gesundheit in Kangu (Centre pour la Promotion de la Sant\u00e9) nach Kr\u00e4ften zu unterst\u00fctzen.<br \/>\n<\/strong><br \/>\nVorstand:<\/p>\n<p>Martin L\u00fccke<br \/>\nChristel R\u00fcckert<br \/>\nKarl-Heinz Rebhan<br \/>\nChristine Schnitzer<\/p>\n<p>Die Satzung wurde am 16.07.2009 errichtet und am 12.08.2009 in das Vereinsregister beim Amtsgericht Coburg eingetragen. Hier k\u00f6nnen Sie die Satzung im PDF-Format herunterladen: &lt;<a class=\" link\" href=\"https:\/\/coburger-initiative-congo.org\/wp-content\/uploads\/satzung_final.pdf\" target=\"_blank\" rel=\"noopener\">Satzung<\/a>&gt;<\/p>\n","protected":false},"excerpt":{"rendered":"<div class=\"mh-excerpt\"><p>Der Verein &#8222;Coburger Initiative f\u00fcr \u00c4rzte im Congo&#8220; Die Stadt Coburg hat in den Jahren 2008 bis Anfang 2010 zusammen mit dem Klinikum Coburg dem <a class=\"mh-excerpt-more\" href=\"https:\/\/coburger-initiative-congo.org\/?page_id=53\" title=\"Der Verein &#8211; Ziele und Satzung\">[&#8230;]<\/a><\/p>\n<\/div>","protected":false},"author":1,"featured_media":0,"parent":0,"menu_order":0,"comment_status":"closed","ping_status":"closed","template":"","meta":{"footnotes":""},"_links":{"self":[{"href":"https:\/\/coburger-initiative-congo.org\/index.php?rest_route=\/wp\/v2\/pages\/53"}],"collection":[{"href":"https:\/\/coburger-initiative-congo.org\/index.php?rest_route=\/wp\/v2\/pages"}],"about":[{"href":"https:\/\/coburger-initiative-congo.org\/index.php?rest_route=\/wp\/v2\/types\/page"}],"author":[{"embeddable":true,"href":"https:\/\/coburger-initiative-congo.org\/index.php?rest_route=\/wp\/v2\/users\/1"}],"replies":[{"embeddable":true,"href":"https:\/\/coburger-initiative-congo.org\/index.php?rest_route=%2Fwp%2Fv2%2Fcomments&post=53"}],"version-history":[{"count":1,"href":"https:\/\/coburger-initiative-congo.org\/index.php?rest_route=\/wp\/v2\/pages\/53\/revisions"}],"predecessor-version":[{"id":54,"href":"https:\/\/coburger-initiative-congo.org\/index.php?rest_route=\/wp\/v2\/pages\/53\/revisions\/54"}],"wp:attachment":[{"href":"https:\/\/coburger-initiative-congo.org\/index.php?rest_route=%2Fwp%2Fv2%2Fmedia&parent=53"}],"curies":[{"name":"wp","href":"https:\/\/api.w.org\/{rel}","templated":true}]}}