{"id":48,"date":"2018-01-22T14:30:39","date_gmt":"2018-01-22T14:30:39","guid":{"rendered":"http:\/\/coburger-initiative-congo.de\/?page_id=48"},"modified":"2018-01-22T14:52:10","modified_gmt":"2018-01-22T14:52:10","slug":"ich-will-mitglied-werden","status":"publish","type":"page","link":"https:\/\/coburger-initiative-congo.org\/?page_id=48","title":{"rendered":"Ich will Mitglied werden"},"content":{"rendered":"<div id=\"content-side\" class=\"side\">\n<div id=\"content-side2\" class=\"side2\">\n<div class=\"container-content\">\n<div id=\"content-content\">\n<div id=\"content-content-inner\" class=\"container-content-inner\">\n<div id=\"widget-c512dc53-329c-911e-192a-b09c5d6dcd75\" class=\"widget widget-text\">\n<div class=\"widget-content\">\n<p><strong>Ich will Mitglied werden<\/strong><\/p>\n<p>&nbsp;<\/p>\n<p>Senden Sie bitte die ausgef\u00fcllte Aufnahmeerkl\u00e4rung an:<\/p>\n<p>&nbsp;<\/p>\n<p>Coburger Initiative f\u00fcr \u00c4rzte im Congo e.V.<\/p>\n<p>Herrn Martin L\u00fccke<\/p>\n<p>Beiersdorfer Str. 66<br \/>\n96450 Coburg<\/p>\n<p>&nbsp;<\/p>\n<p><a href=\"https:\/\/coburger-initiative-congo.org\/wp-content\/uploads\/Faltblatt Anmeldung.pdf\" target=\"_blank\" rel=\"noopener\">Download Aufnahmeerkl\u00e4rung<\/a><\/p>\n<\/div>\n<\/div>\n<\/div>\n<\/div>\n<\/div>\n<\/div>\n<\/div>\n","protected":false},"excerpt":{"rendered":"<div class=\"mh-excerpt\"><p>Ich will Mitglied werden &nbsp; Senden Sie bitte die ausgef\u00fcllte Aufnahmeerkl\u00e4rung an: &nbsp; Coburger Initiative f\u00fcr \u00c4rzte im Congo e.V. Herrn Martin L\u00fccke Beiersdorfer Str. <a class=\"mh-excerpt-more\" href=\"https:\/\/coburger-initiative-congo.org\/?page_id=48\" title=\"Ich will Mitglied werden\">[&#8230;]<\/a><\/p>\n<\/div>","protected":false},"author":1,"featured_media":0,"parent":0,"menu_order":0,"comment_status":"closed","ping_status":"closed","template":"","meta":{"footnotes":""},"_links":{"self":[{"href":"https:\/\/coburger-initiative-congo.org\/index.php?rest_route=\/wp\/v2\/pages\/48"}],"collection":[{"href":"https:\/\/coburger-initiative-congo.org\/index.php?rest_route=\/wp\/v2\/pages"}],"about":[{"href":"https:\/\/coburger-initiative-congo.org\/index.php?rest_route=\/wp\/v2\/types\/page"}],"author":[{"embeddable":true,"href":"https:\/\/coburger-initiative-congo.org\/index.php?rest_route=\/wp\/v2\/users\/1"}],"replies":[{"embeddable":true,"href":"https:\/\/coburger-initiative-congo.org\/index.php?rest_route=%2Fwp%2Fv2%2Fcomments&post=48"}],"version-history":[{"count":2,"href":"https:\/\/coburger-initiative-congo.org\/index.php?rest_route=\/wp\/v2\/pages\/48\/revisions"}],"predecessor-version":[{"id":52,"href":"https:\/\/coburger-initiative-congo.org\/index.php?rest_route=\/wp\/v2\/pages\/48\/revisions\/52"}],"wp:attachment":[{"href":"https:\/\/coburger-initiative-congo.org\/index.php?rest_route=%2Fwp%2Fv2%2Fmedia&parent=48"}],"curies":[{"name":"wp","href":"https:\/\/api.w.org\/{rel}","templated":true}]}}