{"id":45,"date":"2018-01-22T14:27:19","date_gmt":"2018-01-22T14:27:19","guid":{"rendered":"http:\/\/coburger-initiative-congo.de\/?page_id=45"},"modified":"2018-01-22T14:27:19","modified_gmt":"2018-01-22T14:27:19","slug":"unsere-projektziele","status":"publish","type":"page","link":"https:\/\/coburger-initiative-congo.org\/?page_id=45","title":{"rendered":"Unsere Projektziele"},"content":{"rendered":"<div id=\"content-side\" class=\"side\">\n<div id=\"content-side2\" class=\"side2\">\n<div class=\"container-content\">\n<div id=\"content-content\">\n<div id=\"content-content-inner\" class=\"container-content-inner\">\n<div id=\"widget-3f87c64f-7859-db22-45d7-e7b7d438b143\" class=\"widget widget-text\">\n<div class=\"widget-content\">\n<p><strong>Unsere konkreten Projektziele \u00a0&#8211;\u00a0 Unsere Mission \u2013 Unser Selbstverst\u00e4ndnis<\/strong><\/p>\n<p><strong>\u00a0<\/strong><\/p>\n<p>Vorrangiges Ziel der Coburger Initiative f\u00fcr \u00c4rzte im Congo ist \u00a0die Unterst\u00fctzung des ehemaligen Missionskrankenhauses in\u00a0 Kangu und das Engagement zugunsten \u00a0des Zentrums zur F\u00f6rderung der Gesundheit im benachbarten Nsioni \u2013 beide in der Provinz Congo Central im \u00e4u\u00dfersten Westen des Landes gelegen.<\/p>\n<p>Das Krankenhaus steht in der Tr\u00e4gerschaft der Di\u00f6zese von Boma, der Hafenstadt \u00a0unweit des Atlantiks. Die Di\u00f6zese ist bettelarm und ohne fremde Hilfe nicht in der Lage,\u00a0 in dem \u00a0Krankenhaus die Leistungen zu erbringen, wie sie die arme Bev\u00f6lkerung erhofft und dringend ben\u00f6tigt.<\/p>\n<p>&nbsp;<\/p>\n<p>Das Krankenhaus wird von Dr. Innocent Kiluiba geleitet, der am Klinikum Coburg als Gyn\u00e4kologe 18 Monate lang eine Zusatzausbildung erhielt.<\/p>\n<p>&nbsp;<\/p>\n<p>Das Zentrum zur\u00a0 F\u00f6rderung der Gesundheit ist eine nichtstaatliche Organisation, deren Gr\u00fcnder Dr. Jacques Courtejoie seit 50 Jahren im Kongo lebt und bis 1968 Direktor des Krankenhauses in Kangu war. Dr. Jacques Courtejoie, ein\u00a0 \u00a0\u201eMissionar der Mitmenschlichkeit\u201c hat die Leitung des Zentrums Ende 2015 in die j\u00fcngeren, kr\u00e4ftigen H\u00e4nde von Roger Zimunagu gelegt.<\/p>\n<p>&nbsp;<\/p>\n<p>Hauptziel des Zentrums ist die F\u00f6rderung der Gesundheit durch aktive Beteiligung der betroffenen Bev\u00f6lkerungskreise unter Einbeziehung der kommunalen Verantwortlichen. Das Zentrum ist den sog. Millenniumszielen verpflichtet, insbesondere\u00a0 der \u00a0Senkung der Kindersterblichkeit, der Verbesserung der Gesundheitsversorgung der M\u00fctter, der Bek\u00e4mpfung von HIV\/AIDS, Malaria und anderer Krankheiten.<\/p>\n<p>&nbsp;<\/p>\n<p><strong>Unterst\u00fctzung \u00a0des Krankenhauses in Kangu <\/strong><\/p>\n<p>&nbsp;<\/p>\n<p>Zun\u00e4chst war unser Ziel darauf gerichtet, \u00a0durch den Einsatz eines nicht vom Krankenhaus bezahlten Chirurgen\u00a0 es dem\u00a0 Krankenhaus zu erm\u00f6glichen in jedem Monat \u00a0gr\u00f6\u00dfere Operationen durchf\u00fchren zu k\u00f6nnen.\u00a0 Die von dem ausw\u00e4rtigen Chirurgen\u00a0 durchgef\u00fchrte Fortbildung der am Krankenhaus besch\u00e4ftigten Arzte, die als Chirurgen eingesetzt sind, erlaubt es jetzt von diesem Monatsrhythmus auf einen Zweimonats-Rhythmus bei schweren\u00a0 Operationen zu wechseln.<\/p>\n<p>Die dadurch freiwerdenden Gelder wollen wir verst\u00e4rkt \u00a0f\u00fcr die Verbesserung der Grundstruktur des Krankenhauses nutzen. Auf dem Sofortprogramm stehen die Einrichtung eines Leitungssystems, das alle Geb\u00e4udeteile des Krankenhauses mit flie\u00dfendem Wasser versorgt, und die Installation der von uns gelieferten Solaranlage auf den D\u00e4chern der Geb\u00e4ude ((siehe die Website vom 26.10.2015). Die Kosten belaufen sich auf rund 8000\u20ac.<\/p>\n<p>Zum anderen soll sowohl die Abteilung Kinderheilkunde und \u00a0die Abteilung Gyn\u00e4kologie\u00a0 ausgebaut werden.<\/p>\n<p>Auch die Aufstockung des Fonds f\u00fcr kostenlose Behandlung der \u00c4rmsten ist uns ein gro\u00dfes Anliegen.<\/p>\n<p>Hinsichtlich der fachlichen Fort- und Weiterbildung der \u00c4rzte und Krankenschwestern des Krankenhauses Kangu wird die Coburger Initiative den Focus auf entsprechende Aktionen in Kangu selbst richten, n\u00e4mlich durch den Einsatz deutscher Kollegen an dem dortigen Krankenhaus. Die Regio-Med Kliniken Coburg unterst\u00fctzen diese Neuausrichtung auf der Grundlage der von den Kliniken mit dem Krankenhaus in Kangu geschlossenen Kooperationsvereinbarung.<\/p>\n<p>&nbsp;<\/p>\n<p><strong>Engagement f\u00fcr die Arbeit des\u00a0 Zentrums zur\u00a0 F\u00f6rderung der Gesundheit<\/strong><\/p>\n<p>&nbsp;<\/p>\n<p>Hauptziel des Zentrums ist die Konzeption, die Herstellung und der Vertrieb von<\/p>\n<ul>\n<li>an die afrikanischen Verh\u00e4ltnisse angepassten Lehrmaterial, damit die Menschen ein sensibles Bewusstsein f\u00fcr Gesundheit und gesunde Ern\u00e4hrung entwickeln<\/li>\n<\/ul>\n<p>&nbsp;<\/p>\n<ul>\n<li>B\u00fcchern und Lehrmaterial, unter Ber\u00fccksichtigung\u00a0 der konkreten Situationen, mit welchen das Krankenhauspersonal konfrontiert ist. Diese Lehrb\u00fccher sind vor allem f\u00fcr die angehenden Krankenpfleger\/innen in den 460 Fachschulen vorgesehen.<\/li>\n<\/ul>\n<p>Das \u201eVerlagsprogramm\u201c umfasst 24 medizinische Lehrb\u00fccher, die zu 40% des Selbstkostenpreises an die Sch\u00fcler und Sch\u00fclerinnen in den Ausbildungsschulen abgegeben werden.<\/p>\n<p>Eine Mini-Bibliothek kostet 75\u20ac (24 B\u00fccher speziell f\u00fcr die Schwesternausbildung) je\u00a0 Schwesternsch\u00fclerin <strong>\u00a0<\/strong><\/p>\n<p>Eine Mini-Bibliothek kostet 120\u20ac (21 medizinische Lehrb\u00fccher f\u00fcr \u00c4rzte in entlegenen Gebieten) je Arzt<\/p>\n<p>Ein f\u00fcr jede Ausbildungsschule bestimmtes Gesamtpaket mit 460 Fachb\u00fcchern kostet 460\u20ac.<\/p>\n<p>Wir suchen Spender f\u00fcr solche Bibliotheken und wir suchen Sponsoren, die \u00a0den Neudruck von B\u00fcchern finanzieren. Auch wir selbst unterst\u00fctzen im Rahmen unserer M\u00f6glichkeiten die \u00a0Arbeit des Zentrums.<\/p>\n<p>&nbsp;<\/p>\n<p><strong>Unser Selbstverst\u00e4ndnis<\/strong><\/p>\n<p>&nbsp;<\/p>\n<p>Jedes Jahr reisen Vertreter des Vereins \u00a0in den Kongo, um den Stand der Projekte zu evaluieren. Sie zahlen diese Kosten aus eigener Kasse.<\/p>\n<p>Die Spendengelder flie\u00dfen direkt und im vollen Umfang in die Projekte, die wir evaluierend verfolgen und \u00fcber die wir laufend berichten.<\/p>\n<\/div>\n<\/div>\n<\/div>\n<\/div>\n<\/div>\n<\/div>\n<\/div>\n","protected":false},"excerpt":{"rendered":"<div class=\"mh-excerpt\"><p>Unsere konkreten Projektziele \u00a0&#8211;\u00a0 Unsere Mission \u2013 Unser Selbstverst\u00e4ndnis \u00a0 Vorrangiges Ziel der Coburger Initiative f\u00fcr \u00c4rzte im Congo ist \u00a0die Unterst\u00fctzung des ehemaligen Missionskrankenhauses <a class=\"mh-excerpt-more\" href=\"https:\/\/coburger-initiative-congo.org\/?page_id=45\" title=\"Unsere Projektziele\">[&#8230;]<\/a><\/p>\n<\/div>","protected":false},"author":1,"featured_media":0,"parent":0,"menu_order":0,"comment_status":"closed","ping_status":"closed","template":"","meta":{"footnotes":""},"_links":{"self":[{"href":"https:\/\/coburger-initiative-congo.org\/index.php?rest_route=\/wp\/v2\/pages\/45"}],"collection":[{"href":"https:\/\/coburger-initiative-congo.org\/index.php?rest_route=\/wp\/v2\/pages"}],"about":[{"href":"https:\/\/coburger-initiative-congo.org\/index.php?rest_route=\/wp\/v2\/types\/page"}],"author":[{"embeddable":true,"href":"https:\/\/coburger-initiative-congo.org\/index.php?rest_route=\/wp\/v2\/users\/1"}],"replies":[{"embeddable":true,"href":"https:\/\/coburger-initiative-congo.org\/index.php?rest_route=%2Fwp%2Fv2%2Fcomments&post=45"}],"version-history":[{"count":1,"href":"https:\/\/coburger-initiative-congo.org\/index.php?rest_route=\/wp\/v2\/pages\/45\/revisions"}],"predecessor-version":[{"id":46,"href":"https:\/\/coburger-initiative-congo.org\/index.php?rest_route=\/wp\/v2\/pages\/45\/revisions\/46"}],"wp:attachment":[{"href":"https:\/\/coburger-initiative-congo.org\/index.php?rest_route=%2Fwp%2Fv2%2Fmedia&parent=45"}],"curies":[{"name":"wp","href":"https:\/\/api.w.org\/{rel}","templated":true}]}}