{"id":40,"date":"2018-01-22T14:23:31","date_gmt":"2018-01-22T14:23:31","guid":{"rendered":"http:\/\/coburger-initiative-congo.de\/?page_id=40"},"modified":"2018-01-22T14:26:27","modified_gmt":"2018-01-22T14:26:27","slug":"der-vorstand","status":"publish","type":"page","link":"https:\/\/coburger-initiative-congo.org\/?page_id=40","title":{"rendered":"Vorstand"},"content":{"rendered":"<div id=\"content-side\" class=\"side\">\n<div id=\"content-side2\" class=\"side2\">\n<div class=\"container-content\">\n<div id=\"content-content\">\n<div id=\"content-content-inner\" class=\"container-content-inner\">\n<div id=\"widget-c828b779-aec9-ce3e-677b-458ddbb2002d\" class=\"widget widget-text\">\n<div class=\"widget-content\">\n<p><strong>Der Vorstand<\/strong><\/p>\n<p>1. Vorsitzende<br \/>\nChristel R\u00fcckert<br \/>\n<a href=\"mailto:christel.rueckert@gmx.net\">christel.rueckert@gmx.net<\/a><\/p>\n<p>2. Vorsitzender<br \/>\nDr. J\u00fcrgen Watzek<br \/>\n<a href=\"mailto:Watzekmjvi@t-online.de\">Watzekmjvi@t-online.de<\/a><\/p>\n<p>Schriftf\u00fchrer<br \/>\nKarlheinz Rebhan<br \/>\n<a href=\"mailto:karlheinz.rebhan@gmx.de\">karlheinz.rebhan@gmx.de<\/a><\/p>\n<p>Schatzmeisterin<br \/>\nChristine Schnitzer<br \/>\n<a href=\"mailto:chrischni@gmx.de\">chrischni@gmx.de<\/a><\/p>\n<p>Beisitzer sind derzeit<\/p>\n<p>Eva Betzold<\/p>\n<p>Dr. Sigrid Gerding<\/p>\n<p>Martin L\u00fccke<\/p>\n<p>Dr. Michel Mbungu<\/p>\n<p>Jutta R\u00fcckert<\/p>\n<p>Klaus R\u00fcckert (Gr\u00fcndungsvorsitzender)<\/p>\n<\/div>\n<\/div>\n<\/div>\n<\/div>\n<\/div>\n<\/div>\n<\/div>\n","protected":false},"excerpt":{"rendered":"<div class=\"mh-excerpt\"><p>Der Vorstand 1. Vorsitzende Christel R\u00fcckert christel.rueckert@gmx.net 2. Vorsitzender Dr. J\u00fcrgen Watzek Watzekmjvi@t-online.de Schriftf\u00fchrer Karlheinz Rebhan karlheinz.rebhan@gmx.de Schatzmeisterin Christine Schnitzer chrischni@gmx.de Beisitzer sind derzeit Eva <a class=\"mh-excerpt-more\" href=\"https:\/\/coburger-initiative-congo.org\/?page_id=40\" title=\"Vorstand\">[&#8230;]<\/a><\/p>\n<\/div>","protected":false},"author":1,"featured_media":0,"parent":0,"menu_order":0,"comment_status":"closed","ping_status":"closed","template":"","meta":{"footnotes":""},"_links":{"self":[{"href":"https:\/\/coburger-initiative-congo.org\/index.php?rest_route=\/wp\/v2\/pages\/40"}],"collection":[{"href":"https:\/\/coburger-initiative-congo.org\/index.php?rest_route=\/wp\/v2\/pages"}],"about":[{"href":"https:\/\/coburger-initiative-congo.org\/index.php?rest_route=\/wp\/v2\/types\/page"}],"author":[{"embeddable":true,"href":"https:\/\/coburger-initiative-congo.org\/index.php?rest_route=\/wp\/v2\/users\/1"}],"replies":[{"embeddable":true,"href":"https:\/\/coburger-initiative-congo.org\/index.php?rest_route=%2Fwp%2Fv2%2Fcomments&post=40"}],"version-history":[{"count":3,"href":"https:\/\/coburger-initiative-congo.org\/index.php?rest_route=\/wp\/v2\/pages\/40\/revisions"}],"predecessor-version":[{"id":44,"href":"https:\/\/coburger-initiative-congo.org\/index.php?rest_route=\/wp\/v2\/pages\/40\/revisions\/44"}],"wp:attachment":[{"href":"https:\/\/coburger-initiative-congo.org\/index.php?rest_route=%2Fwp%2Fv2%2Fmedia&parent=40"}],"curies":[{"name":"wp","href":"https:\/\/api.w.org\/{rel}","templated":true}]}}