{"id":137,"date":"2018-01-23T14:39:06","date_gmt":"2018-01-23T14:39:06","guid":{"rendered":"http:\/\/coburger-initiative-congo.de\/?page_id=137"},"modified":"2018-01-23T14:46:05","modified_gmt":"2018-01-23T14:46:05","slug":"archiv-2014","status":"publish","type":"page","link":"https:\/\/coburger-initiative-congo.org\/?page_id=137","title":{"rendered":"ARCHIV 2014"},"content":{"rendered":"<p><strong>Besuch des Bischofs von Boma in Coburg<\/strong><\/p>\n<p>Am ersten November- Wochenende 2014 besuchte der Bischof von Boma (seine Di\u00f6zese ist Tr\u00e4gerin des Krankenhauses in Kangu) kurzfristig Coburg, bevor er zu einer Konferenz \u00fcber Fragen der \u00d6kumene in Rom weiterreiste.<\/p>\n<p>Mit dem Gesch\u00e4ftsf\u00fchrer der Regio-Med Kliniken Coburg hatte er ein ausf\u00fchrliches Gespr\u00e4ch \u00fcber den Kooperationsvertrag Link der Regio-Med Kliniken Coburg\/Krankenhaus Kangu. Am Schluss des Treffens stand die Unterzeichnung des Kooperationsvertrages.<\/p>\n<p>Der Vorstand unserer Initiative nutzte den Coburg-Besuch f\u00fcr lange Gespr\u00e4che, die der Vertiefung der Zusammenarbeit sicherlich dienen.<\/p>\n<figure id=\"attachment_138\" aria-describedby=\"caption-attachment-138\" style=\"width: 1018px\" class=\"wp-caption alignnone\"><a href=\"https:\/\/coburger-initiative-congo.org\/wp-content\/uploads\/2018\/01\/Heinrichsblatt.jpg\" target=\"_blank\" rel=\"noopener\"><img loading=\"lazy\" decoding=\"async\" class=\"wp-image-138 size-full\" src=\"http:\/\/coburger-initiative-congo.de\/wp-content\/uploads\/2018\/01\/Heinrichsblatt.jpg\" alt=\"\" width=\"1018\" height=\"1358\" srcset=\"https:\/\/coburger-initiative-congo.org\/wp-content\/uploads\/2018\/01\/Heinrichsblatt.jpg 1018w, https:\/\/coburger-initiative-congo.org\/wp-content\/uploads\/2018\/01\/Heinrichsblatt-225x300.jpg 225w, https:\/\/coburger-initiative-congo.org\/wp-content\/uploads\/2018\/01\/Heinrichsblatt-768x1024.jpg 768w\" sizes=\"(max-width: 1018px) 100vw, 1018px\" \/><\/a><figcaption id=\"caption-attachment-138\" class=\"wp-caption-text\">Besuch des Bischofs von Boma in Coburg<\/figcaption><\/figure>\n","protected":false},"excerpt":{"rendered":"<div class=\"mh-excerpt\"><p>Besuch des Bischofs von Boma in Coburg Am ersten November- Wochenende 2014 besuchte der Bischof von Boma (seine Di\u00f6zese ist Tr\u00e4gerin des Krankenhauses in Kangu) <a class=\"mh-excerpt-more\" href=\"https:\/\/coburger-initiative-congo.org\/?page_id=137\" title=\"ARCHIV 2014\">[&#8230;]<\/a><\/p>\n<\/div>","protected":false},"author":1,"featured_media":0,"parent":0,"menu_order":0,"comment_status":"closed","ping_status":"closed","template":"","meta":{"footnotes":""},"_links":{"self":[{"href":"https:\/\/coburger-initiative-congo.org\/index.php?rest_route=\/wp\/v2\/pages\/137"}],"collection":[{"href":"https:\/\/coburger-initiative-congo.org\/index.php?rest_route=\/wp\/v2\/pages"}],"about":[{"href":"https:\/\/coburger-initiative-congo.org\/index.php?rest_route=\/wp\/v2\/types\/page"}],"author":[{"embeddable":true,"href":"https:\/\/coburger-initiative-congo.org\/index.php?rest_route=\/wp\/v2\/users\/1"}],"replies":[{"embeddable":true,"href":"https:\/\/coburger-initiative-congo.org\/index.php?rest_route=%2Fwp%2Fv2%2Fcomments&post=137"}],"version-history":[{"count":5,"href":"https:\/\/coburger-initiative-congo.org\/index.php?rest_route=\/wp\/v2\/pages\/137\/revisions"}],"predecessor-version":[{"id":144,"href":"https:\/\/coburger-initiative-congo.org\/index.php?rest_route=\/wp\/v2\/pages\/137\/revisions\/144"}],"wp:attachment":[{"href":"https:\/\/coburger-initiative-congo.org\/index.php?rest_route=%2Fwp%2Fv2%2Fmedia&parent=137"}],"curies":[{"name":"wp","href":"https:\/\/api.w.org\/{rel}","templated":true}]}}