{"id":133,"date":"2018-01-23T14:31:08","date_gmt":"2018-01-23T14:31:08","guid":{"rendered":"http:\/\/coburger-initiative-congo.de\/?page_id=133"},"modified":"2018-01-23T14:34:53","modified_gmt":"2018-01-23T14:34:53","slug":"archiv-2013","status":"publish","type":"page","link":"https:\/\/coburger-initiative-congo.org\/?page_id=133","title":{"rendered":"ARCHIV 2013"},"content":{"rendered":"<div id=\"content-side\" class=\"side\">\n<div id=\"content-side2\" class=\"side2\">\n<div class=\"container-content\">\n<div id=\"content-content\">\n<div id=\"content-content-inner\" class=\"container-content-inner\">\n<div id=\"widget-4cd87812-a276-4793-b7a2-4f9cdb9f7d4e\" class=\"widget widget-text\">\n<div class=\"widget-content\">\n<p><strong>Aktuelles aus unserem Verein:<\/strong><\/p>\n<p>&#8211; <strong>Mitgliederversammlung 2013<\/strong>:<\/p>\n<p>Die Mitglieder des Vereins haben am 3. Dezember 2013 als neuen Vorstand gew\u00e4hlt:<\/p>\n<p>1. Vorsitzender: Martin L\u00fccke<br \/>\n2. Vorsitzende: Christel R\u00fcckert<br \/>\nSchriftf\u00fchrer: Karlheinz Rebhan<br \/>\nKassiererin: Christine Schnitzer<\/p>\n<p>Als Beisitzer wurden gew\u00e4hlt:<br \/>\nEdmund Frey; Dr. Sigrid Gerding; Jutta R\u00fcckert; Klaus R\u00fcckert und Martine Veuillet-Watzek<\/p>\n<p>&#8211; <strong>Vom 12. bzw. 14. oder 23. September bis 5. Oktober 2013 waren Mitglieder unseres Vereines im Kongo<\/strong>. Unter den folgenden <strong>LINKS<\/strong> sind einige ihrer Berichte nachzulesen:<\/p>\n<p>&#8211; Rundbrief Oktober 2013:<a class=\" link\" href=\"https:\/\/coburger-initiative-congo.org\/wp-content\/uploads\/rundbrief_10_2013.pdf\" target=\"_blank\" rel=\"noopener\"> LINK<\/a><br \/>\n&#8211; Gabi Arnold: Skizzen meines Kongobesuches mit Fotos: <a class=\" link\" href=\"https:\/\/coburger-initiative-congo.org\/wp-content\/uploads\/arnold.htm\" target=\"_blank\" rel=\"noopener\">LINK<\/a><\/p>\n<p>&#8211; Bericht \u00fcber den aktuellen Stand der Kooperation unseres Vereins mit dem Krankenhaus in Kangu von Jean-Honor\u00e9 Bavula-Mvanda vom 8. September 2013: <a class=\" link\" href=\"https:\/\/coburger-initiative-congo.org\/wp-content\/uploads\/bericht_bavula_mvanda.pdf\" target=\"_blank\" rel=\"noopener\">LINK<\/a><\/p>\n<p>&#8211; Am <strong>Sonntag, dem 23.Juni 2013<\/strong> findet zum Abschluss der &#8222;Internationalen Woche&#8220; in der Morizkirche ein <strong>Benefizkonzert zu Gunsten unseres Vereins statt: &#8222;Europa trifft Afrika, Afrika trifft Europa&#8220; &#8211; Europ\u00e4ische Orgelmusik trifft traditionelle afrikanische Rhythmen<\/strong>. Beginn 17:00 Uhr. Eintritt: 15 \u20ac; erm. 5 \u20ac (Sch\u00fcler\/ Studenten).<\/p>\n<p><strong>Weitere aktuelle Informationen:<\/strong><br \/>\n&#8211; Mitte des Jahres wird ein <strong>Container<\/strong> f\u00fcr das Krankenhaus in Kangu und das &#8222;Zentrum zur F\u00f6rderung der Gesundheit&#8220; auf die Seereise nach Boma im\u00a0Kongo gehen. Anhand einer <strong>Wunschliste<\/strong> <a class=\" link\" href=\"https:\/\/coburger-initiative-congo.org\/wp-content\/uploads\/materialliste_kangu.pdf\" target=\"_blank\" rel=\"noopener\">&lt;LINK&gt;<\/a> des Krankenhauses in Kangu haben wir begonnen, eine Packliste zu erstellen. Als Beiladung wollen wir auch\u00a0<strong>reparaturbed\u00fcrftige\u00a0Fahrr\u00e4der<\/strong> f\u00fcr das &#8222;Zentrum zur F\u00f6rderung der Gesundheit in Kangu&#8220; mitschicken. Diese sollen im &#8222;Zentrum&#8220;, in dem viele Jugendliche zu Technikern ausgebildet werden,\u00a0<strong>aufbereitet werden und an Krankenschwestern, die gr\u00f6\u00dftenteils die Aufgaben der fehlenden \u00c4rzte \u00fcbernehmen, weitergegeben werden, um ihre Mobilit\u00e4t in schwierigem Gel\u00e4nde zu verbessern. Die \u00dcberlassung der Fahrr\u00e4der erfolgt kostenfrei. Daf\u00fcr verb\u00fcrgt sich der Verein.<\/strong><\/p>\n<p>Gerne nehmen wir Ihre Fahrradspenden entgegen.<\/p>\n<\/div>\n<\/div>\n<\/div>\n<\/div>\n<\/div>\n<\/div>\n<\/div>\n","protected":false},"excerpt":{"rendered":"<div class=\"mh-excerpt\"><p>Aktuelles aus unserem Verein: &#8211; Mitgliederversammlung 2013: Die Mitglieder des Vereins haben am 3. Dezember 2013 als neuen Vorstand gew\u00e4hlt: 1. Vorsitzender: Martin L\u00fccke 2. <a class=\"mh-excerpt-more\" href=\"https:\/\/coburger-initiative-congo.org\/?page_id=133\" title=\"ARCHIV 2013\">[&#8230;]<\/a><\/p>\n<\/div>","protected":false},"author":1,"featured_media":0,"parent":0,"menu_order":0,"comment_status":"closed","ping_status":"closed","template":"","meta":{"footnotes":""},"_links":{"self":[{"href":"https:\/\/coburger-initiative-congo.org\/index.php?rest_route=\/wp\/v2\/pages\/133"}],"collection":[{"href":"https:\/\/coburger-initiative-congo.org\/index.php?rest_route=\/wp\/v2\/pages"}],"about":[{"href":"https:\/\/coburger-initiative-congo.org\/index.php?rest_route=\/wp\/v2\/types\/page"}],"author":[{"embeddable":true,"href":"https:\/\/coburger-initiative-congo.org\/index.php?rest_route=\/wp\/v2\/users\/1"}],"replies":[{"embeddable":true,"href":"https:\/\/coburger-initiative-congo.org\/index.php?rest_route=%2Fwp%2Fv2%2Fcomments&post=133"}],"version-history":[{"count":2,"href":"https:\/\/coburger-initiative-congo.org\/index.php?rest_route=\/wp\/v2\/pages\/133\/revisions"}],"predecessor-version":[{"id":136,"href":"https:\/\/coburger-initiative-congo.org\/index.php?rest_route=\/wp\/v2\/pages\/133\/revisions\/136"}],"wp:attachment":[{"href":"https:\/\/coburger-initiative-congo.org\/index.php?rest_route=%2Fwp%2Fv2%2Fmedia&parent=133"}],"curies":[{"name":"wp","href":"https:\/\/api.w.org\/{rel}","templated":true}]}}