{"id":129,"date":"2018-01-23T14:16:10","date_gmt":"2018-01-23T14:16:10","guid":{"rendered":"http:\/\/coburger-initiative-congo.de\/?page_id=129"},"modified":"2018-01-23T14:52:36","modified_gmt":"2018-01-23T14:52:36","slug":"archiv-2012","status":"publish","type":"page","link":"https:\/\/coburger-initiative-congo.org\/?page_id=129","title":{"rendered":"ARCHIV 2012"},"content":{"rendered":"<p>&#8211; Jonas Gerding, Mitglied unseres Vereins und Student an der K\u00f6lner Journalistenschule, war 6 Wochen im Kongo. Seine Eindr\u00fccke von dieser Reise k\u00f6nnen Sie hier nachlesen: <a class=\" link\" href=\"https:\/\/jonasgerding.wordpress.com\/category\/xcongo\" target=\"_blank\" rel=\"noopener\"> jonasgerding.wordpress.com\/category\/xcongo<\/a><\/p>\n<p>&#8211; Frau Dr. Eminence Mbadu Mbuzi hospitiert seit 2. Juli 2012 in der Kinderklinik am Klinikum Coburg auf Vermittlung unseres Vereines. Die Berichte der <a class=\" link\" href=\"https:\/\/www.np-coburg.de\/\" target=\"_blank\" rel=\"noopener\">Neuen Presse Coburg<\/a> und des <a class=\" link\" href=\"https:\/\/www.infranken.de\/regional\/coburg\/\" target=\"_blank\" rel=\"noopener\">Coburger Tageblatts<\/a> finden Sie unter diesen Links: &lt;<a class=\" link\" href=\"https:\/\/coburger-initiative-congo.org\/wp-content\/uploads\/kongo_aerztin_ct.pdf\" target=\"_blank\" rel=\"noopener\">LINK CT<\/a>&gt; und &lt;<a class=\" link\" href=\"https:\/\/coburger-initiative-congo.org\/wp-content\/uploads\/kongo_aerztin_np.pdf\" target=\"_blank\" rel=\"noopener\">Link NP<\/a>&gt;.<\/p>\n<p>&#8211; Youtube-Video: Ein Filmbericht unserer Freunde vom <a class=\" link\" href=\"https:\/\/coburger-initiative-congo.org\/wp-content\/uploads\/centre_kangu.pdf\" target=\"_blank\" rel=\"noopener\">Centre pour la Promotion de la Sant\u00e9<\/a> kann bei youtube betrachtet werden:<\/p>\n<p><iframe loading=\"lazy\" src=\"https:\/\/www.youtube.com\/embed\/dV_b1QhJZqY\" width=\"560\" height=\"315\" frameborder=\"0\" allowfullscreen=\"allowfullscreen\"><span style=\"display: inline-block; width: 0px; overflow: hidden; line-height: 0;\" data-mce-type=\"bookmark\" class=\"mce_SELRES_start\">\ufeff<\/span><\/iframe><\/p>\n<p><strong>Aktuelle Rundbriefe:<\/strong><\/p>\n<p>Rundbrief vom 1. November 2012 (zugleich\u00a0 Bericht\u00a0 \u00fcber die Kongoreise von Martin L\u00fccke und Klaus R\u00fcckert Anfang Oktober 2012): &lt;<a class=\" link\" href=\"https:\/\/coburger-initiative-congo.org\/wp-content\/uploads\/rundbrief_7.pdf\" target=\"_blank\" rel=\"noopener\">LINK<\/a>&gt;<\/p>\n<p>Circulaire No. 7 (&#8222;version fran\u00e7aise&#8220; dieser Reise): &lt;<a class=\" link\" href=\"https:\/\/coburger-initiative-congo.org\/wp-content\/uploads\/circulaire7%20francais.pdf\" target=\"_blank\" rel=\"noopener\">LINK<\/a>&gt;<\/p>\n<p><strong>Memoranden der Zusammenarbeit:<\/strong><\/p>\n<p>Memorandum \u00fcber die Zusammenarbeit der \u201eCoburger Initiative f\u00fcr \u00c4rzte im Kongo e. V.\u201c mit dem Krankenhaus Kangu, Di\u00f6zese von Boma, RDC, hinsichtlich der Einrichtung von Apotheken und der Wiederaufnahme des chirurgischen Dienstes im Krankenhaus Kangu. Schlussfassung &lt;<a class=\" link\" href=\"https:\/\/coburger-initiative-congo.org\/wp-content\/uploads\/memorandum_k.pdf\" target=\"_blank\" rel=\"noopener\">LINK<\/a>&gt;<\/p>\n<p>Protocole d\u2019accord relatif \u00e0 la coop\u00e9ration de l\u2019association \u00ab Coburger Initiative f\u00fcr \u00c4rzte im Congo e.V. \u00bb avec l\u2019h\u00f4pital de Kangu, Dioc\u00e8se de Boma en RDC, dans les domaines de la cr\u00e9ation d\u2019une pharmacie et d\u2019une relance du service de chirurgie. Version finale &lt;<a class=\" link\" href=\"https:\/\/coburger-initiative-congo.org\/wp-content\/uploads\/protocole_k.pdf\" target=\"_blank\" rel=\"noopener\">LINK<\/a>&gt;<\/p>\n<p><strong>Archiv:<\/strong><\/p>\n<p>Mark Twain: K\u00f6nig Leopolds Selbstgespr\u00e4ch am 8. Februar 2012 in der Stadtb\u00fccherei Coburg: &lt;<a class=\" link\" href=\"https:\/\/coburger-initiative-congo.org\/wp-content\/uploads\/twain_leopold.htm\" target=\"_blank\" rel=\"noopener\">LINK<\/a>&gt;<\/p>\n<p><strong>Fr\u00fchere Rundbriefe:<\/strong><\/p>\n<p>Rundbrief vom 10. Januar 2012: &lt;<a class=\" link\" href=\"https:\/\/coburger-initiative-congo.org\/wp-content\/uploads\/rundbrief_01_2012.pdf\" target=\"_blank\" rel=\"noopener\">LINK<\/a>&gt;<\/p>\n","protected":false},"excerpt":{"rendered":"<div class=\"mh-excerpt\"><p>&#8211; Jonas Gerding, Mitglied unseres Vereins und Student an der K\u00f6lner Journalistenschule, war 6 Wochen im Kongo. Seine Eindr\u00fccke von dieser Reise k\u00f6nnen Sie hier <a class=\"mh-excerpt-more\" href=\"https:\/\/coburger-initiative-congo.org\/?page_id=129\" title=\"ARCHIV 2012\">[&#8230;]<\/a><\/p>\n<\/div>","protected":false},"author":1,"featured_media":0,"parent":0,"menu_order":0,"comment_status":"closed","ping_status":"closed","template":"","meta":{"footnotes":""},"_links":{"self":[{"href":"https:\/\/coburger-initiative-congo.org\/index.php?rest_route=\/wp\/v2\/pages\/129"}],"collection":[{"href":"https:\/\/coburger-initiative-congo.org\/index.php?rest_route=\/wp\/v2\/pages"}],"about":[{"href":"https:\/\/coburger-initiative-congo.org\/index.php?rest_route=\/wp\/v2\/types\/page"}],"author":[{"embeddable":true,"href":"https:\/\/coburger-initiative-congo.org\/index.php?rest_route=\/wp\/v2\/users\/1"}],"replies":[{"embeddable":true,"href":"https:\/\/coburger-initiative-congo.org\/index.php?rest_route=%2Fwp%2Fv2%2Fcomments&post=129"}],"version-history":[{"count":5,"href":"https:\/\/coburger-initiative-congo.org\/index.php?rest_route=\/wp\/v2\/pages\/129\/revisions"}],"predecessor-version":[{"id":147,"href":"https:\/\/coburger-initiative-congo.org\/index.php?rest_route=\/wp\/v2\/pages\/129\/revisions\/147"}],"wp:attachment":[{"href":"https:\/\/coburger-initiative-congo.org\/index.php?rest_route=%2Fwp%2Fv2%2Fmedia&parent=129"}],"curies":[{"name":"wp","href":"https:\/\/api.w.org\/{rel}","templated":true}]}}