{"id":126,"date":"2018-01-23T14:06:10","date_gmt":"2018-01-23T14:06:10","guid":{"rendered":"http:\/\/coburger-initiative-congo.de\/?page_id=126"},"modified":"2018-01-23T14:06:10","modified_gmt":"2018-01-23T14:06:10","slug":"2011-2","status":"publish","type":"page","link":"https:\/\/coburger-initiative-congo.org\/?page_id=126","title":{"rendered":"2011"},"content":{"rendered":"<div id=\"content-side\" class=\"side\">\n<div id=\"content-side2\" class=\"side2\">\n<div class=\"container-content\">\n<div id=\"content-content\">\n<div id=\"content-content-inner\" class=\"container-content-inner\">\n<div id=\"widget-64c193f0-40d0-f8d4-996f-aeaa7d2d14ab\" class=\"widget widget-text\">\n<div class=\"widget-content\">\n<p>Rundbrief vom 14. Juni 2011: &lt;<a class=\" link\" href=\"https:\/\/coburger-initiative-congo.org\/wp-content\/uploads\/rundbrief14062011.pdf\" target=\"_blank\" rel=\"noopener\">LINK<\/a>&gt;<\/p>\n<p><strong>Presseberichte:<\/strong><\/p>\n<p>Bericht in der Neuen Presse Coburg vom 4. November 2010 \u00fcber die Er\u00f6ffnungsveranstaltung der Ausstellung &#8222;Afrikanische Kontraste&#8220; in der Landesbibliothek Coburg und den Besuch des Bischofs von Boma: &lt;<a class=\" link\" href=\"https:\/\/coburger-initiative-congo.org\/wp-content\/uploads\/zeitungsausschnitt.jpg\" target=\"_blank\" rel=\"noopener\">LINK<\/a>&gt;<\/p>\n<p><strong>Reiseberichte Kangu:<\/strong><\/p>\n<p>Bericht \u00fcber die Reise von Martin L\u00fccke nach Kangu vom 25. August bis 11. September 2011: &lt;<a class=\" link\" href=\"https:\/\/coburger-initiative-congo.org\/wp-content\/uploads\/reisebericht_2011_k.pdf\" target=\"_blank\" rel=\"noopener\">LINK<\/a>&gt;<\/p>\n<p>Rapport sur mon voyage au R\u00e9publique D\u00e9mocratique de Congo \u00e0 partir du 25.08 jusqu\u2019au 11.09.2011: &lt;<a class=\" link\" href=\"https:\/\/coburger-initiative-congo.org\/wp-content\/uploads\/rapport_2011_k.pdf\" target=\"_blank\" rel=\"noopener\">LINK<\/a>&gt;<\/p>\n<\/div>\n<\/div>\n<\/div>\n<\/div>\n<\/div>\n<\/div>\n<\/div>\n","protected":false},"excerpt":{"rendered":"<div class=\"mh-excerpt\"><p>Rundbrief vom 14. Juni 2011: &lt;LINK&gt; Presseberichte: Bericht in der Neuen Presse Coburg vom 4. November 2010 \u00fcber die Er\u00f6ffnungsveranstaltung der Ausstellung &#8222;Afrikanische Kontraste&#8220; in <a class=\"mh-excerpt-more\" href=\"https:\/\/coburger-initiative-congo.org\/?page_id=126\" title=\"2011\">[&#8230;]<\/a><\/p>\n<\/div>","protected":false},"author":1,"featured_media":0,"parent":0,"menu_order":0,"comment_status":"closed","ping_status":"closed","template":"","meta":{"footnotes":""},"_links":{"self":[{"href":"https:\/\/coburger-initiative-congo.org\/index.php?rest_route=\/wp\/v2\/pages\/126"}],"collection":[{"href":"https:\/\/coburger-initiative-congo.org\/index.php?rest_route=\/wp\/v2\/pages"}],"about":[{"href":"https:\/\/coburger-initiative-congo.org\/index.php?rest_route=\/wp\/v2\/types\/page"}],"author":[{"embeddable":true,"href":"https:\/\/coburger-initiative-congo.org\/index.php?rest_route=\/wp\/v2\/users\/1"}],"replies":[{"embeddable":true,"href":"https:\/\/coburger-initiative-congo.org\/index.php?rest_route=%2Fwp%2Fv2%2Fcomments&post=126"}],"version-history":[{"count":1,"href":"https:\/\/coburger-initiative-congo.org\/index.php?rest_route=\/wp\/v2\/pages\/126\/revisions"}],"predecessor-version":[{"id":127,"href":"https:\/\/coburger-initiative-congo.org\/index.php?rest_route=\/wp\/v2\/pages\/126\/revisions\/127"}],"wp:attachment":[{"href":"https:\/\/coburger-initiative-congo.org\/index.php?rest_route=%2Fwp%2Fv2%2Fmedia&parent=126"}],"curies":[{"name":"wp","href":"https:\/\/api.w.org\/{rel}","templated":true}]}}