{"id":109,"date":"2018-01-22T18:32:28","date_gmt":"2018-01-22T18:32:28","guid":{"rendered":"http:\/\/coburger-initiative-congo.de\/?page_id=109"},"modified":"2018-02-15T11:51:18","modified_gmt":"2018-02-15T11:51:18","slug":"kontakt","status":"publish","type":"page","link":"https:\/\/coburger-initiative-congo.org\/?page_id=109","title":{"rendered":"Kontakt"},"content":{"rendered":"<p><strong>Kontaktieren Sie uns f\u00fcr weitere Informationen<\/strong><\/p>\n<p><em>Postanschrift:<\/em><\/p>\n<p>&nbsp;<\/p>\n<p>Coburger Initiative f\u00fcr \u00c4rzte im Congo e. V.<\/p>\n<p>Friedrich-R\u00fcckert-Str. 13<\/p>\n<p>96450 Coburg<\/p>\n<p>E-Mail: <a class=\" link\" href=\"mailto:CoburgerInitiativeCongo@t-online.de\"> CoburgerInitiativeCongo@t-online.de<\/a><\/p>\n<p>\u00a9 Coburger Initiative f\u00fcr \u00c4rzte im Congo e. V. 2018<\/p>\n","protected":false},"excerpt":{"rendered":"<div class=\"mh-excerpt\"><p>Kontaktieren Sie uns f\u00fcr weitere Informationen Postanschrift: &nbsp; Coburger Initiative f\u00fcr \u00c4rzte im Congo e. V. Friedrich-R\u00fcckert-Str. 13 96450 Coburg E-Mail: CoburgerInitiativeCongo@t-online.de \u00a9 Coburger Initiative <a class=\"mh-excerpt-more\" href=\"https:\/\/coburger-initiative-congo.org\/?page_id=109\" title=\"Kontakt\">[&#8230;]<\/a><\/p>\n<\/div>","protected":false},"author":1,"featured_media":0,"parent":0,"menu_order":0,"comment_status":"closed","ping_status":"closed","template":"","meta":{"footnotes":""},"_links":{"self":[{"href":"https:\/\/coburger-initiative-congo.org\/index.php?rest_route=\/wp\/v2\/pages\/109"}],"collection":[{"href":"https:\/\/coburger-initiative-congo.org\/index.php?rest_route=\/wp\/v2\/pages"}],"about":[{"href":"https:\/\/coburger-initiative-congo.org\/index.php?rest_route=\/wp\/v2\/types\/page"}],"author":[{"embeddable":true,"href":"https:\/\/coburger-initiative-congo.org\/index.php?rest_route=\/wp\/v2\/users\/1"}],"replies":[{"embeddable":true,"href":"https:\/\/coburger-initiative-congo.org\/index.php?rest_route=%2Fwp%2Fv2%2Fcomments&post=109"}],"version-history":[{"count":2,"href":"https:\/\/coburger-initiative-congo.org\/index.php?rest_route=\/wp\/v2\/pages\/109\/revisions"}],"predecessor-version":[{"id":218,"href":"https:\/\/coburger-initiative-congo.org\/index.php?rest_route=\/wp\/v2\/pages\/109\/revisions\/218"}],"wp:attachment":[{"href":"https:\/\/coburger-initiative-congo.org\/index.php?rest_route=%2Fwp%2Fv2%2Fmedia&parent=109"}],"curies":[{"name":"wp","href":"https:\/\/api.w.org\/{rel}","templated":true}]}}