{"id":10,"date":"2018-01-22T12:46:11","date_gmt":"2018-01-22T12:46:11","guid":{"rendered":"http:\/\/coburger-initiative-congo.de\/?page_id=10"},"modified":"2018-01-22T12:46:43","modified_gmt":"2018-01-22T12:46:43","slug":"impressum","status":"publish","type":"page","link":"https:\/\/coburger-initiative-congo.org\/?page_id=10","title":{"rendered":"Impressum"},"content":{"rendered":"<div id=\"content-side\" class=\"side\">\n<div id=\"content-side2\" class=\"side2\">\n<div class=\"container-content\">\n<div id=\"content-content\">\n<div id=\"content-content-inner\" class=\"container-content-inner\">\n<div id=\"widget-4976c4b7-a6e8-b0b8-6af6-34eca3d2c64e\" class=\"widget widget-text\">\n<div class=\"widget-content\">\n<p><strong>Webimpressum:<\/strong><\/p>\n<p align=\"left\">Coburger Initiative f\u00fcr \u00c4rzte im Congo e. V.<br \/>\nFriedrich-Rueckert-Str. 13<br \/>\n96450 Coburg<strong><br \/>\n<\/strong>E-Mail: <a class=\" link\" href=\"mailto:CoburgerInitiativeCongo@t-online.de\">CoburgerInitiativeCongo@t-online.de<\/a><\/p>\n<p>Inhaltlich verantwortlich ist die 1. Vorsitzende Christel R\u00fcckert.<\/p>\n<p>Wir haben alle Seiten, auf die wir einen Verweis gesetzt haben, nach bestem K\u00f6nnen auf ihre Seriosit\u00e4t hin \u00fcberpr\u00fcft, machen uns deren Inhalte jedoch nicht zu eigen. Sofern sich wider Erwarten auf Seiten, auf die wir einen Verweis gesetzt haben, Inhalte befinden oder befunden haben, die gegen geltendes Recht oder gegen die guten Sitten versto\u00dfen, distanzieren sich die Verantwortlichen ausdr\u00fccklich von diesen Inhalten. Die Nennung von Firmen- oder Markennamen erfolgt ohne Pr\u00fcfung etwaiger Rechte Dritter. Aus einem fehlenden Markenschutz- oder Copyright-Hinweis kann insbesondere nicht der Schluss gezogen werden, diese Namen und\/oder Bezeichnungen seien frei von Rechten Dritter.<\/p>\n<p>\u00a9 Coburger Initiative f\u00fcr \u00c4rzte im Congo e. V. 2018<\/p>\n<\/div>\n<\/div>\n<\/div>\n<\/div>\n<\/div>\n<\/div>\n<\/div>\n","protected":false},"excerpt":{"rendered":"<div class=\"mh-excerpt\"><p>Webimpressum: Coburger Initiative f\u00fcr \u00c4rzte im Congo e. V. Friedrich-Rueckert-Str. 13 96450 Coburg E-Mail: CoburgerInitiativeCongo@t-online.de Inhaltlich verantwortlich ist die 1. Vorsitzende Christel R\u00fcckert. Wir haben <a class=\"mh-excerpt-more\" href=\"https:\/\/coburger-initiative-congo.org\/?page_id=10\" title=\"Impressum\">[&#8230;]<\/a><\/p>\n<\/div>","protected":false},"author":1,"featured_media":0,"parent":0,"menu_order":0,"comment_status":"closed","ping_status":"closed","template":"","meta":{"footnotes":""},"_links":{"self":[{"href":"https:\/\/coburger-initiative-congo.org\/index.php?rest_route=\/wp\/v2\/pages\/10"}],"collection":[{"href":"https:\/\/coburger-initiative-congo.org\/index.php?rest_route=\/wp\/v2\/pages"}],"about":[{"href":"https:\/\/coburger-initiative-congo.org\/index.php?rest_route=\/wp\/v2\/types\/page"}],"author":[{"embeddable":true,"href":"https:\/\/coburger-initiative-congo.org\/index.php?rest_route=\/wp\/v2\/users\/1"}],"replies":[{"embeddable":true,"href":"https:\/\/coburger-initiative-congo.org\/index.php?rest_route=%2Fwp%2Fv2%2Fcomments&post=10"}],"version-history":[{"count":2,"href":"https:\/\/coburger-initiative-congo.org\/index.php?rest_route=\/wp\/v2\/pages\/10\/revisions"}],"predecessor-version":[{"id":12,"href":"https:\/\/coburger-initiative-congo.org\/index.php?rest_route=\/wp\/v2\/pages\/10\/revisions\/12"}],"wp:attachment":[{"href":"https:\/\/coburger-initiative-congo.org\/index.php?rest_route=%2Fwp%2Fv2%2Fmedia&parent=10"}],"curies":[{"name":"wp","href":"https:\/\/api.w.org\/{rel}","templated":true}]}}